{"id":83,"date":"2015-02-25T18:08:24","date_gmt":"2015-02-25T18:08:24","guid":{"rendered":"http:\/\/klubmamotato.pl\/?page_id=83"},"modified":"2026-03-31T20:16:53","modified_gmt":"2026-03-31T20:16:53","slug":"konsultacje-psychologiczne","status":"publish","type":"page","link":"https:\/\/klubmamotato.pl\/?page_id=83","title":{"rendered":"Konsultacje psychologiczne"},"content":{"rendered":"<div class=\"flex flex-col text-sm pb-25\">\n<section class=\"text-token-text-primary w-full focus:outline-none [--shadow-height:45px] has-data-writing-block:pointer-events-none has-data-writing-block:-mt-(--shadow-height) has-data-writing-block:pt-(--shadow-height) [&amp;:has([data-writing-block])&gt;*]:pointer-events-auto scroll-mt-[calc(var(--header-height)+min(200px,max(70px,20svh)))]\" dir=\"auto\" data-turn-id=\"request-WEB:c7e10398-fa32-42af-99fd-af9ca3fd8d83-0\" data-testid=\"conversation-turn-2\" data-scroll-anchor=\"true\" data-turn=\"assistant\">\n<div class=\"text-base my-auto mx-auto pb-10 [--thread-content-margin:var(--thread-content-margin-xs,calc(var(--spacing)*4))] @w-sm\/main:[--thread-content-margin:var(--thread-content-margin-sm,calc(var(--spacing)*6))] @w-lg\/main:[--thread-content-margin:var(--thread-content-margin-lg,calc(var(--spacing)*16))] px-(--thread-content-margin)\">\n<div class=\"[--thread-content-max-width:40rem] @w-lg\/main:[--thread-content-max-width:48rem] mx-auto max-w-(--thread-content-max-width) flex-1 group\/turn-messages focus-visible:outline-hidden relative flex w-full min-w-0 flex-col agent-turn\">\n<div class=\"flex max-w-full flex-col gap-4 grow\">\n<div class=\"min-h-8 text-message relative flex w-full flex-col items-end gap-2 text-start break-words whitespace-normal outline-none keyboard-focused:focus-ring [.text-message+&amp;]:mt-1\" dir=\"auto\" tabindex=\"0\" data-message-author-role=\"assistant\" data-message-id=\"cb64e749-0834-4c8b-ad79-2a872d3bd067\" data-message-model-slug=\"gpt-5-3\" data-turn-start-message=\"true\">\n<div class=\"flex w-full flex-col gap-1 empty:hidden\">\n<div class=\"markdown prose dark:prose-invert w-full wrap-break-word light markdown-new-styling\">\n<p data-start=\"0\" data-end=\"327\">Zapraszamy rodzic\u00f3w ma\u0142ych dzieci do skorzystania z konsultacji psychologicznych \u2013<\/p>\n<p data-start=\"0\" data-end=\"327\">w atmosferze zrozumienia, spokoju i pe\u0142nej dyskrecji.<\/p>\n<p data-start=\"0\" data-end=\"327\">Je\u015bli martwi Ci\u0119 zachowanie dziecka, trudno\u015bci emocjonalne, problemy ze snem, adaptacj\u0105 w \u017c\u0142obku lub przedszkolu, wybuchy z\u0142o\u015bci, l\u0119ki czy wyzwania wychowawcze \u2013 jeste\u015b we w\u0142a\u015bciwym miejscu.<\/p>\n<p data-start=\"329\" data-end=\"698\">Tworzymy bezpieczn\u0105 przestrze\u0144, w kt\u00f3rej mo\u017cesz swobodnie opowiedzie\u0107 o swoich trudno\u015bciach i obawach. Wsp\u00f3lnie przyjrzymy si\u0119 sytuacji, poszukamy \u017ar\u00f3de\u0142 problemu i zastanowimy si\u0119 nad mo\u017cliwymi rozwi\u0105zaniami dopasowanymi do potrzeb Twojej rodziny. Dzielimy si\u0119 wiedz\u0105 oraz wieloletnim do\u015bwiadczeniem, aby wspiera\u0107 Ci\u0119 w budowaniu bliskiej, zdrowej relacji z dzieckiem.<\/p>\n<p data-start=\"700\" data-end=\"762\" data-is-last-node=\"\" data-is-only-node=\"\">Nie musisz radzi\u0107 sobie z tym sam(a) \u2013 jeste\u015bmy tu, aby pom\u00f3c.<\/p>\n<\/div>\n<\/div>\n<\/div>\n<\/div>\n<div class=\"z-0 flex min-h-[46px] justify-start\">W celu um\u00f3wienia si\u0119 na spotkanie prosz\u0119 dzwoni\u0107 bezpo\u015brednio do osoby je prowadz\u0105cej:<\/div>\n<div>Monika Ciechomska, psycholog, psychoterapeuta<\/div>\n<div>tel. 609 858 868<\/div>\n<div class=\"mt-3 w-full empty:hidden\">\n<div class=\"text-center\">\u00a0<\/div>\n<\/div>\n<\/div>\n<\/div>\n<\/section>\n<\/div>\n<div class=\"pointer-events-none h-px w-px absolute bottom-0\" aria-hidden=\"true\" data-edge=\"true\">Spotkania s\u0105 nieodp\u0142atne, dofinansowane z Urz\u0119du m.st.Warszawy<\/div>\n\n\n<figure class=\"wp-block-image size-large is-resized\"><img loading=\"lazy\" src=\"http:\/\/klubmamotato.pl\/wp-content\/uploads\/2026\/03\/Warszawa-znak-RGB-kolorowy-projekt_wspolfinansuje-1-1024x640.jpg\" alt=\"\" class=\"wp-image-548\" width=\"398\" height=\"249\" srcset=\"https:\/\/klubmamotato.pl\/wp-content\/uploads\/2026\/03\/Warszawa-znak-RGB-kolorowy-projekt_wspolfinansuje-1-1024x640.jpg 1024w, https:\/\/klubmamotato.pl\/wp-content\/uploads\/2026\/03\/Warszawa-znak-RGB-kolorowy-projekt_wspolfinansuje-1-300x188.jpg 300w, https:\/\/klubmamotato.pl\/wp-content\/uploads\/2026\/03\/Warszawa-znak-RGB-kolorowy-projekt_wspolfinansuje-1-768x480.jpg 768w, https:\/\/klubmamotato.pl\/wp-content\/uploads\/2026\/03\/Warszawa-znak-RGB-kolorowy-projekt_wspolfinansuje-1-1536x961.jpg 1536w, https:\/\/klubmamotato.pl\/wp-content\/uploads\/2026\/03\/Warszawa-znak-RGB-kolorowy-projekt_wspolfinansuje-1-2048x1281.jpg 2048w\" sizes=\"(max-width: 398px) 100vw, 398px\" \/><\/figure>\n","protected":false},"excerpt":{"rendered":"<p>Zapraszamy rodzic\u00f3w ma\u0142ych dzieci do skorzystania z konsultacji psychologicznych \u2013 w atmosferze zrozumienia, spokoju i pe\u0142nej dyskrecji. Je\u015bli martwi Ci\u0119 zachowanie dziecka, trudno\u015bci emocjonalne, problemy ze snem, adaptacj\u0105 w \u017c\u0142obku lub przedszkolu, wybuchy z\u0142o\u015bci, l\u0119ki czy wyzwania wychowawcze \u2013 jeste\u015b we w\u0142a\u015bciwym miejscu. Tworzymy bezpieczn\u0105 przestrze\u0144, w kt\u00f3rej mo\u017cesz swobodnie opowiedzie\u0107 o swoich trudno\u015bciach i &hellip; <a href=\"https:\/\/klubmamotato.pl\/?page_id=83\" class=\"more-link\">Czytaj dalej <span class=\"screen-reader-text\">Konsultacje psychologiczne<\/span> <span class=\"meta-nav\">&rarr;<\/span><\/a><\/p>\n","protected":false},"author":1,"featured_media":0,"parent":19,"menu_order":0,"comment_status":"closed","ping_status":"open","template":"","meta":{"spay_email":""},"jetpack_sharing_enabled":true,"jetpack_shortlink":"https:\/\/wp.me\/P5O9IE-1l","_links":{"self":[{"href":"https:\/\/klubmamotato.pl\/index.php?rest_route=\/wp\/v2\/pages\/83"}],"collection":[{"href":"https:\/\/klubmamotato.pl\/index.php?rest_route=\/wp\/v2\/pages"}],"about":[{"href":"https:\/\/klubmamotato.pl\/index.php?rest_route=\/wp\/v2\/types\/page"}],"author":[{"embeddable":true,"href":"https:\/\/klubmamotato.pl\/index.php?rest_route=\/wp\/v2\/users\/1"}],"replies":[{"embeddable":true,"href":"https:\/\/klubmamotato.pl\/index.php?rest_route=%2Fwp%2Fv2%2Fcomments&post=83"}],"version-history":[{"count":14,"href":"https:\/\/klubmamotato.pl\/index.php?rest_route=\/wp\/v2\/pages\/83\/revisions"}],"predecessor-version":[{"id":557,"href":"https:\/\/klubmamotato.pl\/index.php?rest_route=\/wp\/v2\/pages\/83\/revisions\/557"}],"up":[{"embeddable":true,"href":"https:\/\/klubmamotato.pl\/index.php?rest_route=\/wp\/v2\/pages\/19"}],"wp:attachment":[{"href":"https:\/\/klubmamotato.pl\/index.php?rest_route=%2Fwp%2Fv2%2Fmedia&parent=83"}],"curies":[{"name":"wp","href":"https:\/\/api.w.org\/{rel}","templated":true}]}}