{"id":38,"date":"2015-02-25T00:51:53","date_gmt":"2015-02-25T00:51:53","guid":{"rendered":"http:\/\/klubmamotato.pl\/?page_id=38"},"modified":"2025-08-07T15:02:26","modified_gmt":"2025-08-07T15:02:26","slug":"partnerzy","status":"publish","type":"page","link":"https:\/\/klubmamotato.pl\/?page_id=38","title":{"rendered":"Partnerzy"},"content":{"rendered":"<p><a href=\"http:\/\/pomocrodzicom.pl\"><img loading=\"lazy\" class=\"alignnone  wp-image-42\" src=\"http:\/\/klubmamotato.pl\/wp-content\/uploads\/2015\/02\/zakochajsiewwarszawie-300x221.png\" alt=\"zakochajsiewwarszawie\" width=\"381\" height=\"281\" srcset=\"https:\/\/klubmamotato.pl\/wp-content\/uploads\/2015\/02\/zakochajsiewwarszawie-300x221.png 300w, https:\/\/klubmamotato.pl\/wp-content\/uploads\/2015\/02\/zakochajsiewwarszawie-1024x754.png 1024w, https:\/\/klubmamotato.pl\/wp-content\/uploads\/2015\/02\/zakochajsiewwarszawie.png 1830w\" sizes=\"(max-width: 381px) 100vw, 381px\" \/><img loading=\"lazy\" class=\"alignnone wp-image-40\" src=\"http:\/\/klubmamotato.pl\/wp-content\/uploads\/2015\/02\/pomoc-rodzicom-300x66.jpg\" alt=\"pomoc rodzicom\" width=\"276\" height=\"61\" srcset=\"https:\/\/klubmamotato.pl\/wp-content\/uploads\/2015\/02\/pomoc-rodzicom-300x66.jpg 300w, https:\/\/klubmamotato.pl\/wp-content\/uploads\/2015\/02\/pomoc-rodzicom.jpg 640w\" sizes=\"(max-width: 276px) 100vw, 276px\" \/><\/a> <a href=\"www.fiscoplan.pl\" target=\"_blank\" rel=\"noopener\"><img loading=\"lazy\" class=\"alignnone wp-image-119 size-full\" src=\"http:\/\/klubmamotato.pl\/wp-content\/uploads\/2015\/03\/image001.png\" alt=\"image001\" width=\"180\" height=\"49\" \/><\/a><a href=\"https:\/\/mamyczas.wordpress.com\/\" target=\"_blank\" rel=\"noopener\"><img loading=\"lazy\" class=\"alignnone wp-image-44\" src=\"http:\/\/klubmamotato.pl\/wp-content\/uploads\/2015\/02\/mamyczas1.png\" alt=\"mamyczas1\" width=\"120\" height=\"75\" \/><\/a><\/p>\n\n\n<p><\/p>\n\n\n\n<figure class=\"wp-block-image size-large is-resized\"><a href=\"http:\/\/polaczkropki.edu.pl\"><img loading=\"lazy\" src=\"http:\/\/klubmamotato.pl\/wp-content\/uploads\/2025\/08\/polacz-kropki-logo-1024x128.png\" alt=\"Po\u0142\u0105cz Kropki - kreatywne rozwi\u0105zania dla edukacji\" class=\"wp-image-519\" width=\"362\" height=\"45\" srcset=\"https:\/\/klubmamotato.pl\/wp-content\/uploads\/2025\/08\/polacz-kropki-logo-1024x128.png 1024w, https:\/\/klubmamotato.pl\/wp-content\/uploads\/2025\/08\/polacz-kropki-logo-300x37.png 300w, https:\/\/klubmamotato.pl\/wp-content\/uploads\/2025\/08\/polacz-kropki-logo-768x96.png 768w, https:\/\/klubmamotato.pl\/wp-content\/uploads\/2025\/08\/polacz-kropki-logo-1536x191.png 1536w, https:\/\/klubmamotato.pl\/wp-content\/uploads\/2025\/08\/polacz-kropki-logo.png 1999w\" sizes=\"(max-width: 362px) 100vw, 362px\" \/><\/a><figcaption>KREATYWNE ROZWI\u0104ZANIA DLA EDUKACJI<\/figcaption><\/figure>\n\n\n\n<p><\/p>\n","protected":false},"excerpt":{"rendered":"","protected":false},"author":1,"featured_media":0,"parent":34,"menu_order":0,"comment_status":"closed","ping_status":"open","template":"","meta":{"spay_email":""},"jetpack_sharing_enabled":true,"jetpack_shortlink":"https:\/\/wp.me\/P5O9IE-C","_links":{"self":[{"href":"https:\/\/klubmamotato.pl\/index.php?rest_route=\/wp\/v2\/pages\/38"}],"collection":[{"href":"https:\/\/klubmamotato.pl\/index.php?rest_route=\/wp\/v2\/pages"}],"about":[{"href":"https:\/\/klubmamotato.pl\/index.php?rest_route=\/wp\/v2\/types\/page"}],"author":[{"embeddable":true,"href":"https:\/\/klubmamotato.pl\/index.php?rest_route=\/wp\/v2\/users\/1"}],"replies":[{"embeddable":true,"href":"https:\/\/klubmamotato.pl\/index.php?rest_route=%2Fwp%2Fv2%2Fcomments&post=38"}],"version-history":[{"count":7,"href":"https:\/\/klubmamotato.pl\/index.php?rest_route=\/wp\/v2\/pages\/38\/revisions"}],"predecessor-version":[{"id":520,"href":"https:\/\/klubmamotato.pl\/index.php?rest_route=\/wp\/v2\/pages\/38\/revisions\/520"}],"up":[{"embeddable":true,"href":"https:\/\/klubmamotato.pl\/index.php?rest_route=\/wp\/v2\/pages\/34"}],"wp:attachment":[{"href":"https:\/\/klubmamotato.pl\/index.php?rest_route=%2Fwp%2Fv2%2Fmedia&parent=38"}],"curies":[{"name":"wp","href":"https:\/\/api.w.org\/{rel}","templated":true}]}}