{"id":36,"date":"2015-07-25T00:44:50","date_gmt":"2015-07-25T00:44:50","guid":{"rendered":"http:\/\/klubmamotato.pl\/?page_id=36"},"modified":"2025-08-07T14:57:06","modified_gmt":"2025-08-07T14:57:06","slug":"wazne-wydarzenia","status":"publish","type":"page","link":"https:\/\/klubmamotato.pl\/?page_id=36","title":{"rendered":"Wa\u017cne wydarzenia"},"content":{"rendered":"\n<h2>17 sierpnia &#8211; warsztaty dla dzieci i rodzic\u00f3w w Prochowni \u017boliborz<\/h2>\n\n\n\n<h2>Zabawy klockami LEGO\u00ae, kt\u00f3re powinien pozna\u0107 ka\u017cdy rodzic! <\/h2>\n\n\n\n<p>17 sierpnia od godziny 11.00 zapraszamy dzieci w wieku od 4 lat oraz rodzic\u00f3w na zaj\u0119cia, kt\u00f3re s\u0105 prowadzone przez specjalist\u00f3w z Fundacji Wyzwania i trener\u00f3w TUS Lego\u00ae z Po\u0142\u0105cz Kropki.<\/p>\n\n\n\n<p>Odkryjmy nowe oblicze popularnych klock\u00f3w! Mobilna pracownia LEGO\u00ae oraz unikalne podej\u015bcie prowadz\u0105cych, to szansa na wsp\u00f3ln\u0105 zabaw\u0119 i odkrycie pe\u0142ni potencja\u0142u zabaw konstrukcyjnych. <\/p>\n\n\n\n<p>W programie spotkania: <\/p>\n\n\n\n<ul><li>strategia na dobr\u0105 zabaw\u0119 &#8220;im mniej tym lepiej&#8221;<\/li><li>rola poczucia humoru<\/li><li>metoda 6 klock\u00f3w<\/li><li>opowiadanie historii (story-telling)<\/li><li>rozwijanie komunikacji<\/li><li>nauka wsp\u00f3\u0142pracy<\/li><li>nauka przed do\u015bwiadczanie<\/li><\/ul>\n\n\n\n<p>Warsztaty s\u0105 nieodp\u0142atne i finansowane ze \u015brodk\u00f3w Miasta Sto\u0142ecznego Warszawy.<br>Zapisy na zaj\u0119cia poprzez formularz \u00a0<a rel=\"noreferrer noopener\" href=\"http:\/\/klubmamotato.pl\/?page_id=374&amp;fbclid=IwZXh0bgNhZW0CMTAAYnJpZBEwOGh1WVRjZm8yVUZZM3Q2WQEeA6KpaEvIe_cZCB4398aj30Ylu4eyl-ovrBRW7oEpSyv1L81s93QDhfncul0_aem_7DvvkBAVOCpD6ePzM7_GYg\" target=\"_blank\">http:\/\/klubmamotato.pl\/?page_id=374<\/a> <\/p>\n\n\n\n<h2>Wakacyjne TUSY z LEGO\u00ae &#8211; \u0141agodny powr\u00f3t z wakacji<\/h2>\n\n\n\n<p><\/p>\n\n\n\n<p>W czasie wakacji organizujemy w klubie Mamo Tato zaj\u0119cia dla dzieci w wieku przedszkolnym i wczesnoszkolnym rozwijaj\u0105ce <strong>kompetencje spo\u0142eczne i emocjonalne<\/strong> TUS z klockami LEGO\u00ae. Trening umiej\u0119tno\u015bci Spo\u0142ecznych z wykorzystaniem klock\u00f3w LEGO\u00ae jest prowadzony przez certyfikowanych trener\u00f3w.&nbsp;<br>W zaj\u0119ciach mog\u0105 uczestniczy\u0107 wszystkie dzieci, ale przede wszystkim l\u0119kowe, nadpobudliwe, maj\u0105ce trudno\u015bci ze wsp\u00f3\u0142prac\u0105 i komunikacj\u0105 w grupie, lub agresj\u0105 i rozwi\u0105zywaniem konflikt\u00f3w.&nbsp;<\/p>\n\n\n\n<p>Oferta wakacyjnych zaj\u0119\u0107 TUS z klockami LEGO\u00ae <a href=\"https:\/\/kursy.polaczkropki.edu.pl\/produkt\/lagodny-powrot-z-wakacji\/\">dost\u0119pna jest TUTAJ<\/a><br>Wi\u0119cej na temat organizacji zaj\u0119\u0107 na stronie naszego partnera <a href=\"http:\/\/polaczkropki.edu.pl\">Po\u0142\u0105cz Kropki&nbsp;<\/a> gdzie znajdziecie Pa\u0144stwo opis zar\u00f3wno <a href=\"https:\/\/kursy.polaczkropki.edu.pl\/produkt\/trening-umiejetnosci-spolecznych-lego\/\">zaj\u0119\u0107 dla m\u0142odszych dzieci<\/a>, jak i <a href=\"https:\/\/kursy.polaczkropki.edu.pl\/produkt\/tusy-z-lego-dla-nastolatkow1159722193\/\">nastolatk\u00f3w.<\/a>&nbsp;<\/p>\n\n\n\n<p><a rel=\"noreferrer noopener\" href=\"https:\/\/l.facebook.com\/l.php?u=http%3A%2F%2Fklubmamotato.pl%2F%3Fpage_id%3D374%26fbclid%3DIwZXh0bgNhZW0CMTAAYnJpZBEwOGh1WVRjZm8yVUZZM3Q2WQEeVxd8AOzwrJ6DOsxHjn7zW33LT_oDoqO9pKS1gMXuPzCalp1y-yF-2g1QQXA_aem_HxqJ_NDwTSlpvLNRwFgJcA&amp;h=AT0-Ri4ql0Xs33diLHbXXzRGW3iiOT5D2_SZCi3tEDA_yiC2_LKM-X4b6wtzGoL7TyHySWLAM3UPEA7m66_4SSE5RPGGqhISecec6sp0n7AqKM36gpReeZgcdqZ01lg3LEaJxz8cTE0Ns6FXhVIxWA&amp;__tn__=K&amp;c[0]=AT2k3_VLwGn-DHCVXjq83TiFSjCLlvnJkQ8rt2jYTpoiR40_BTO2C4tC4JkzHtpMkAyyoum40QUsYtnm7bZa9qB58uQS0OCJ4oyHEh59m41TK8qDXSJ1EB0UjLUJONFsCkPuxY5LOhI_DKEHjzKy7cVqCqnBcH1dXeOTMOTF_vUGrrtAL929LUKh-3_qOjTWipFN\" target=\"_blank\"><\/a><\/p>\n","protected":false},"excerpt":{"rendered":"<p>17 sierpnia &#8211; warsztaty dla dzieci i rodzic\u00f3w w Prochowni \u017boliborz Zabawy klockami LEGO\u00ae, kt\u00f3re powinien pozna\u0107 ka\u017cdy rodzic! 17 sierpnia od godziny 11.00 zapraszamy dzieci w wieku od 4 lat oraz rodzic\u00f3w na zaj\u0119cia, kt\u00f3re s\u0105 prowadzone przez specjalist\u00f3w z Fundacji Wyzwania i trener\u00f3w TUS Lego\u00ae z Po\u0142\u0105cz Kropki. Odkryjmy nowe oblicze popularnych klock\u00f3w! &hellip; <a href=\"https:\/\/klubmamotato.pl\/?page_id=36\" class=\"more-link\">Czytaj dalej <span class=\"screen-reader-text\">Wa\u017cne wydarzenia<\/span> <span class=\"meta-nav\">&rarr;<\/span><\/a><\/p>\n","protected":false},"author":1,"featured_media":0,"parent":0,"menu_order":0,"comment_status":"closed","ping_status":"open","template":"","meta":{"spay_email":""},"jetpack_sharing_enabled":true,"jetpack_shortlink":"https:\/\/wp.me\/P5O9IE-A","_links":{"self":[{"href":"https:\/\/klubmamotato.pl\/index.php?rest_route=\/wp\/v2\/pages\/36"}],"collection":[{"href":"https:\/\/klubmamotato.pl\/index.php?rest_route=\/wp\/v2\/pages"}],"about":[{"href":"https:\/\/klubmamotato.pl\/index.php?rest_route=\/wp\/v2\/types\/page"}],"author":[{"embeddable":true,"href":"https:\/\/klubmamotato.pl\/index.php?rest_route=\/wp\/v2\/users\/1"}],"replies":[{"embeddable":true,"href":"https:\/\/klubmamotato.pl\/index.php?rest_route=%2Fwp%2Fv2%2Fcomments&post=36"}],"version-history":[{"count":15,"href":"https:\/\/klubmamotato.pl\/index.php?rest_route=\/wp\/v2\/pages\/36\/revisions"}],"predecessor-version":[{"id":517,"href":"https:\/\/klubmamotato.pl\/index.php?rest_route=\/wp\/v2\/pages\/36\/revisions\/517"}],"wp:attachment":[{"href":"https:\/\/klubmamotato.pl\/index.php?rest_route=%2Fwp%2Fv2%2Fmedia&parent=36"}],"curies":[{"name":"wp","href":"https:\/\/api.w.org\/{rel}","templated":true}]}}