{"id":34,"date":"2015-02-25T00:44:06","date_gmt":"2015-02-25T00:44:06","guid":{"rendered":"http:\/\/klubmamotato.pl\/?page_id=34"},"modified":"2026-03-31T20:05:56","modified_gmt":"2026-03-31T20:05:56","slug":"strona-glowna","status":"publish","type":"page","link":"https:\/\/klubmamotato.pl\/","title":{"rendered":"witamy w klubie"},"content":{"rendered":"<p><a href=\"http:\/\/klubmamotato.pl\/wp-content\/uploads\/2015\/02\/mamo-tato2.gif\"><img loading=\"lazy\" class=\"alignnone  wp-image-95\" src=\"http:\/\/klubmamotato.pl\/wp-content\/uploads\/2015\/02\/mamo-tato2-300x209.gif\" alt=\"mamo tato(2)\" width=\"254\" height=\"177\" srcset=\"https:\/\/klubmamotato.pl\/wp-content\/uploads\/2015\/02\/mamo-tato2-300x209.gif 300w, https:\/\/klubmamotato.pl\/wp-content\/uploads\/2015\/02\/mamo-tato2-1024x712.gif 1024w\" sizes=\"(max-width: 254px) 100vw, 254px\" \/><\/a><\/p>\n<h3><strong><span style=\"color: #ff0000;\">Uwaga! Ju\u017c mo\u017cna <span style=\"caret-color: #ff0000;\">zapisywa\u0107<\/span> si\u0119 na zaj\u0119cia w nowym roku. <br \/><span style=\"color: #339966;\">Zaj\u0119cia s\u0105 nieodp\u0142atne dzi\u0119ki dofinansowaniu z Urz\u0119du m.st.Warszawy<\/span><\/span><\/strong><\/h3>\n<h2><strong><span style=\"color: #ff0000;\"><a href=\"http:\/\/klubmamotato.pl\/?page_id=374\">zapisy na zaj\u0119cia<\/a><\/span><\/strong><\/h2>\n<p>Klub MamoTato to miejsce przyjazne rodzicom. To przestrze\u0144 spotka\u0144, wymiany do\u015bwiadcze\u0144, zdobywania wiedzy i nabywania nowych umiej\u0119tno\u015bci. To miejsce, w kt\u00f3rym mo\u017cna porozmawia\u0107 o sprawach dla rodzic\u00f3w najwa\u017cniejszych, wymieni\u0107 si\u0119 informacjami, da\u0107 i otrzyma\u0107\u00a0wsparcie. Klub zach\u0119ca do wyj\u015bcia z domu i cieszenia si\u0119 rodzicielstwem. To tak\u017ce przestrze\u0144 spotka\u0144 ma\u0142ych dzieci, kt\u00f3re towarzysz\u0105c rodzicom poznaj\u0105 nowe, podobne do nich istoty, nawi\u0105zuj\u0105 pierwsze znajomo\u015bci, maj\u0105 okazj\u0119 zobaczy\u0107, \u017ce opr\u00f3cz nich na \u015bwiecie s\u0105 inne dzieci. To ich pierwsze, spo\u0142eczne do\u015bwiadczenie w budowaniu relacji mi\u0119dzyludzkich<\/p>\n<p>Klub MamoTato, pomimo swojej nazwy, otwarty jest te\u017c dla bab\u0107 i dziadk\u00f3w. Nazwa natomiast wskazuje, \u017ce g\u0142\u00f3wnymi adresatami spotka\u0144 s\u0105 rodzice.<\/p>\n<p>Pomys\u0142 powo\u0142ania klubu narodzi\u0142 si\u0119 podczas warsztat\u00f3w ,,M\u0142oda mama\u201d, zobaczyli\u015bmy jak wa\u017cne jest wzajemne wsparcie w pierwszych latach rodzicielstwa, jak du\u017co mo\u017cna si\u0119 od siebie nauczy\u0107.<\/p>\n<p>Do Klubu przychodz\u0105 r\u00f3\u017cni rodzice. Maj\u0105 te\u017c r\u00f3\u017cne oczekiwania. Jedni chc\u0105 tylko porozmawia\u0107, wyj\u015b\u0107 z domu, inni szukaj\u0105 ciekawej propozycji dla ich dzieci, jeszcze inni szukaj\u0105 odpowiedzi jak radzi\u0107 sobie w trudnych sytuacjach wychowawczych. Staraj\u0105c si\u0119 zaspokoi\u0107 jak najwi\u0119cej potrzeb rodzic\u00f3w, w Klubie pojawi\u0142y si\u0119 takie oto aktywno\u015bci:<\/p>\n<ul>\n<li>zaj\u0119cia og\u00f3lnorozwojowe dla maluch\u00f3w,konsultacje psychologiczne,<\/li>\n<li>wyk\u0142ady i warsztaty dla rodzic\u00f3w,<\/li>\n<li>kawiarenka, miejsce na wymian\u0119 do\u015bwiadcze\u0144 swobodn\u0105 rozmow\u0105.<\/li>\n<\/ul>\n<p>Klub ,,MamoTato&#8221; to dobre miejsce, gdzie rodzice mog\u0105 si\u0119 przekona\u0107, \u017ce w wa\u017cnych sprawach nie s\u0105 sami.<\/p>\n<p><a href=\"http:\/\/klubmamotato.pl\/wp-content\/uploads\/2015\/02\/image-21.jpg\"><img loading=\"lazy\" class=\"alignnone size-medium wp-image-178\" src=\"http:\/\/klubmamotato.pl\/wp-content\/uploads\/2015\/02\/image-21-300x300.jpg\" alt=\"image-2(1)\" width=\"300\" height=\"300\" srcset=\"https:\/\/klubmamotato.pl\/wp-content\/uploads\/2015\/02\/image-21-300x300.jpg 300w, https:\/\/klubmamotato.pl\/wp-content\/uploads\/2015\/02\/image-21-150x150.jpg 150w, https:\/\/klubmamotato.pl\/wp-content\/uploads\/2015\/02\/image-21.jpg 592w\" sizes=\"(max-width: 300px) 100vw, 300px\" \/><\/a><a href=\"http:\/\/klubmamotato.pl\/wp-content\/uploads\/2015\/04\/1913396_875714825782320_2239741586057957894_o.jpg\"><img loading=\"lazy\" class=\"alignnone size-medium wp-image-135\" src=\"http:\/\/klubmamotato.pl\/wp-content\/uploads\/2015\/04\/1913396_875714825782320_2239741586057957894_o-300x200.jpg\" alt=\"1913396_875714825782320_2239741586057957894_o\" width=\"300\" height=\"200\" srcset=\"https:\/\/klubmamotato.pl\/wp-content\/uploads\/2015\/04\/1913396_875714825782320_2239741586057957894_o-300x200.jpg 300w, https:\/\/klubmamotato.pl\/wp-content\/uploads\/2015\/04\/1913396_875714825782320_2239741586057957894_o.jpg 1024w\" sizes=\"(max-width: 300px) 100vw, 300px\" \/><\/a><\/p>\n<p><a href=\"http:\/\/klubmamotato.pl\/wp-content\/uploads\/2015\/02\/image-4.jpg\"><img loading=\"lazy\" class=\"alignnone size-medium wp-image-167\" src=\"http:\/\/klubmamotato.pl\/wp-content\/uploads\/2015\/02\/image-4-300x224.jpg\" alt=\"image-4\" width=\"300\" height=\"224\" srcset=\"https:\/\/klubmamotato.pl\/wp-content\/uploads\/2015\/02\/image-4-300x224.jpg 300w, https:\/\/klubmamotato.pl\/wp-content\/uploads\/2015\/02\/image-4-1024x765.jpg 1024w\" sizes=\"(max-width: 300px) 100vw, 300px\" \/><\/a><a href=\"http:\/\/klubmamotato.pl\/wp-content\/uploads\/2015\/02\/image-2.jpg\"><img loading=\"lazy\" class=\"alignnone wp-image-169\" src=\"http:\/\/klubmamotato.pl\/wp-content\/uploads\/2015\/02\/image-2-300x300.jpg\" alt=\"image-2\" width=\"244\" height=\"244\" srcset=\"https:\/\/klubmamotato.pl\/wp-content\/uploads\/2015\/02\/image-2-300x300.jpg 300w, https:\/\/klubmamotato.pl\/wp-content\/uploads\/2015\/02\/image-2-150x150.jpg 150w, https:\/\/klubmamotato.pl\/wp-content\/uploads\/2015\/02\/image-2.jpg 592w\" sizes=\"(max-width: 244px) 100vw, 244px\" \/><\/a> <a href=\"http:\/\/klubmamotato.pl\/wp-content\/uploads\/2015\/02\/image1.jpg\"><img loading=\"lazy\" class=\"alignnone size-medium wp-image-168\" src=\"http:\/\/klubmamotato.pl\/wp-content\/uploads\/2015\/02\/image1-300x300.jpg\" alt=\"image(1)\" width=\"300\" height=\"300\" srcset=\"https:\/\/klubmamotato.pl\/wp-content\/uploads\/2015\/02\/image1-300x300.jpg 300w, https:\/\/klubmamotato.pl\/wp-content\/uploads\/2015\/02\/image1-150x150.jpg 150w, https:\/\/klubmamotato.pl\/wp-content\/uploads\/2015\/02\/image1.jpg 592w\" sizes=\"(max-width: 300px) 100vw, 300px\" \/><\/a>\u00a0<a href=\"http:\/\/klubmamotato.pl\/wp-content\/uploads\/2015\/02\/image-11.jpg\"><img loading=\"lazy\" class=\"alignnone size-medium wp-image-170\" src=\"http:\/\/klubmamotato.pl\/wp-content\/uploads\/2015\/02\/image-11-300x300.jpg\" alt=\"image-1(1)\" width=\"300\" height=\"300\" srcset=\"https:\/\/klubmamotato.pl\/wp-content\/uploads\/2015\/02\/image-11-300x300.jpg 300w, https:\/\/klubmamotato.pl\/wp-content\/uploads\/2015\/02\/image-11-150x150.jpg 150w, https:\/\/klubmamotato.pl\/wp-content\/uploads\/2015\/02\/image-11.jpg 592w\" sizes=\"(max-width: 300px) 100vw, 300px\" \/><\/a><\/p>\n\n\n<p><\/p>\n\n\n\n<h2>Standardy ochrony ma\u0142oletnich<\/h2>\n\n\n\n<p>Klub Mamo Tato prowadzony przez Fundacj\u0119 &#8220;Wyzwania&#8221; wprowadzi\u0142 <strong>STANDARDY OCHRONY MA\u0141OLETNICH <\/strong>zgodne z wymaganiami zaktualizowanej Ustawy z dnia 28 lipca 2023 r. o zmianie ustawy \u2013 Kodeks rodzinny i opieku\u0144czy nowelizuje przepisy dotycz\u0105ce standard\u00f3w ochrony ma\u0142oletnich znajduj\u0105ce si\u0119 w art. 22b i 22c ustawy z dnia 13 maja 2016 r<strong>. o przeciwdzia\u0142aniu zagro\u017ceniem przest\u0119pczo\u015bci na tle seksualnym i ochronie ma\u0142oletnich.<\/strong><\/p>\n\n\n\n<p>Standardy w skr\u00f3conej i pe\u0142nej wersji mo\u017cna pobra\u0107 klikaj\u0105c w poni\u017csze linki<\/p>\n\n\n\n<div class=\"wp-block-file\"><a href=\"http:\/\/klubmamotato.pl\/wp-content\/uploads\/2024\/08\/Standardy-dla-Fundacji-Wyzwania.docx\">Standardy-dla-Fundacji-Wyzwania<\/a><a href=\"http:\/\/klubmamotato.pl\/wp-content\/uploads\/2024\/08\/Standardy-dla-Fundacji-Wyzwania.docx\" class=\"wp-block-file__button\" download>Pobierz<\/a><\/div>\n\n\n\n<div class=\"wp-block-file\"><a href=\"http:\/\/klubmamotato.pl\/wp-content\/uploads\/2024\/08\/Standardy-wersja-skr\u00f3cona-dla-Fundacji-Wyzwania.docx\">Standardy-wersja-skr\u00f3cona-dla-Fundacji-Wyzwania<\/a><a href=\"http:\/\/klubmamotato.pl\/wp-content\/uploads\/2024\/08\/Standardy-wersja-skr\u00f3cona-dla-Fundacji-Wyzwania.docx\" class=\"wp-block-file__button\" download>Pobierz<\/a><\/div>\n\n\n\n<figure class=\"wp-block-image size-large is-resized\"><a href=\"http:\/\/klubmamotato.pl\/wp-content\/uploads\/2026\/03\/Warszawa-znak-RGB-kolorowy-projekt_wspolfinansuje-1-scaled.jpg\"><img loading=\"lazy\" src=\"http:\/\/klubmamotato.pl\/wp-content\/uploads\/2026\/03\/Warszawa-znak-RGB-kolorowy-projekt_wspolfinansuje-1-1024x640.jpg\" alt=\"\" class=\"wp-image-548\" width=\"237\" height=\"148\" srcset=\"https:\/\/klubmamotato.pl\/wp-content\/uploads\/2026\/03\/Warszawa-znak-RGB-kolorowy-projekt_wspolfinansuje-1-1024x640.jpg 1024w, https:\/\/klubmamotato.pl\/wp-content\/uploads\/2026\/03\/Warszawa-znak-RGB-kolorowy-projekt_wspolfinansuje-1-300x188.jpg 300w, https:\/\/klubmamotato.pl\/wp-content\/uploads\/2026\/03\/Warszawa-znak-RGB-kolorowy-projekt_wspolfinansuje-1-768x480.jpg 768w, https:\/\/klubmamotato.pl\/wp-content\/uploads\/2026\/03\/Warszawa-znak-RGB-kolorowy-projekt_wspolfinansuje-1-1536x961.jpg 1536w, https:\/\/klubmamotato.pl\/wp-content\/uploads\/2026\/03\/Warszawa-znak-RGB-kolorowy-projekt_wspolfinansuje-1-2048x1281.jpg 2048w\" sizes=\"(max-width: 237px) 100vw, 237px\" \/><\/a><\/figure>\n","protected":false},"excerpt":{"rendered":"<p>Uwaga! Ju\u017c mo\u017cna zapisywa\u0107 si\u0119 na zaj\u0119cia w nowym roku. Zaj\u0119cia s\u0105 nieodp\u0142atne dzi\u0119ki dofinansowaniu z Urz\u0119du m.st.Warszawy zapisy na zaj\u0119cia Klub MamoTato to miejsce przyjazne rodzicom. To przestrze\u0144 spotka\u0144, wymiany do\u015bwiadcze\u0144, zdobywania wiedzy i nabywania nowych umiej\u0119tno\u015bci. To miejsce, w kt\u00f3rym mo\u017cna porozmawia\u0107 o sprawach dla rodzic\u00f3w najwa\u017cniejszych, wymieni\u0107 si\u0119 informacjami, da\u0107 i otrzyma\u0107\u00a0wsparcie. &hellip; <a href=\"https:\/\/klubmamotato.pl\/\" class=\"more-link\">Czytaj dalej <span class=\"screen-reader-text\">witamy w klubie<\/span> <span class=\"meta-nav\">&rarr;<\/span><\/a><\/p>\n","protected":false},"author":1,"featured_media":0,"parent":0,"menu_order":1,"comment_status":"closed","ping_status":"open","template":"","meta":{"spay_email":""},"jetpack_sharing_enabled":true,"jetpack_shortlink":"https:\/\/wp.me\/P5O9IE-y","_links":{"self":[{"href":"https:\/\/klubmamotato.pl\/index.php?rest_route=\/wp\/v2\/pages\/34"}],"collection":[{"href":"https:\/\/klubmamotato.pl\/index.php?rest_route=\/wp\/v2\/pages"}],"about":[{"href":"https:\/\/klubmamotato.pl\/index.php?rest_route=\/wp\/v2\/types\/page"}],"author":[{"embeddable":true,"href":"https:\/\/klubmamotato.pl\/index.php?rest_route=\/wp\/v2\/users\/1"}],"replies":[{"embeddable":true,"href":"https:\/\/klubmamotato.pl\/index.php?rest_route=%2Fwp%2Fv2%2Fcomments&post=34"}],"version-history":[{"count":17,"href":"https:\/\/klubmamotato.pl\/index.php?rest_route=\/wp\/v2\/pages\/34\/revisions"}],"predecessor-version":[{"id":553,"href":"https:\/\/klubmamotato.pl\/index.php?rest_route=\/wp\/v2\/pages\/34\/revisions\/553"}],"wp:attachment":[{"href":"https:\/\/klubmamotato.pl\/index.php?rest_route=%2Fwp%2Fv2%2Fmedia&parent=34"}],"curies":[{"name":"wp","href":"https:\/\/api.w.org\/{rel}","templated":true}]}}