{"id":15,"date":"2015-02-25T00:03:28","date_gmt":"2015-02-25T00:03:28","guid":{"rendered":"http:\/\/klubmamotato.pl\/?page_id=15"},"modified":"2021-09-10T06:44:58","modified_gmt":"2021-09-10T06:44:58","slug":"dla-dzieci","status":"publish","type":"page","link":"https:\/\/klubmamotato.pl\/?page_id=15","title":{"rendered":"dla dzieci"},"content":{"rendered":"\n<p><\/p>\n\n\n\n<p><strong>UWAGA!!! Ruszy\u0142y zapisy na zaj\u0119cia od wrze\u015bnia!!<\/strong><\/p>\n\n\n\n<p>po wi\u0119cej informacji zapraszamy do zak\u0142adki &#8220;zaj\u0119cia og\u00f3lnorozwojowe&#8221;<\/p>\n\n\n\n<p><\/p>\n","protected":false},"excerpt":{"rendered":"<p>UWAGA!!! Ruszy\u0142y zapisy na zaj\u0119cia od wrze\u015bnia!! po wi\u0119cej informacji zapraszamy do zak\u0142adki &#8220;zaj\u0119cia og\u00f3lnorozwojowe&#8221;<\/p>\n","protected":false},"author":1,"featured_media":6,"parent":0,"menu_order":2,"comment_status":"closed","ping_status":"open","template":"","meta":{"spay_email":""},"jetpack_sharing_enabled":true,"jetpack_shortlink":"https:\/\/wp.me\/P5O9IE-f","_links":{"self":[{"href":"https:\/\/klubmamotato.pl\/index.php?rest_route=\/wp\/v2\/pages\/15"}],"collection":[{"href":"https:\/\/klubmamotato.pl\/index.php?rest_route=\/wp\/v2\/pages"}],"about":[{"href":"https:\/\/klubmamotato.pl\/index.php?rest_route=\/wp\/v2\/types\/page"}],"author":[{"embeddable":true,"href":"https:\/\/klubmamotato.pl\/index.php?rest_route=\/wp\/v2\/users\/1"}],"replies":[{"embeddable":true,"href":"https:\/\/klubmamotato.pl\/index.php?rest_route=%2Fwp%2Fv2%2Fcomments&post=15"}],"version-history":[{"count":4,"href":"https:\/\/klubmamotato.pl\/index.php?rest_route=\/wp\/v2\/pages\/15\/revisions"}],"predecessor-version":[{"id":321,"href":"https:\/\/klubmamotato.pl\/index.php?rest_route=\/wp\/v2\/pages\/15\/revisions\/321"}],"wp:featuredmedia":[{"embeddable":true,"href":"https:\/\/klubmamotato.pl\/index.php?rest_route=\/wp\/v2\/media\/6"}],"wp:attachment":[{"href":"https:\/\/klubmamotato.pl\/index.php?rest_route=%2Fwp%2Fv2%2Fmedia&parent=15"}],"curies":[{"name":"wp","href":"https:\/\/api.w.org\/{rel}","templated":true}]}}