{"id":79,"date":"2015-02-25T18:04:53","date_gmt":"2015-02-25T18:04:53","guid":{"rendered":"http:\/\/klubmamotato.pl\/?page_id=79"},"modified":"2022-09-05T11:35:40","modified_gmt":"2022-09-05T11:35:40","slug":"warsztaty-dla-rodzicow","status":"publish","type":"page","link":"http:\/\/klubmamotato.pl\/?page_id=79","title":{"rendered":"Psychoterapia os\u00f3b doros\u0142ych."},"content":{"rendered":"<p>Na psychoterapi\u0119 mo\u017ce przyj\u015b\u0107 ka\u017cdy, kto odczuwa tak\u0105 potrzeb\u0119.<\/p>\n<p>To forma pomocy psychologicznej polegaj\u0105ca na regularnych spotkaniach z psychoterapeut\u0105. Narz\u0119dziem psychoterapii jest rozmowa. Psycholog u\u0142atwi nam przyjrzenie si\u0119 trudno\u015bciom, kt\u00f3rych do\u015bwiadczamy.<\/p>\n<p>Szersze i g\u0142\u0119bsze poznanie obecnych i przesz\u0142ych do\u015bwiadcze\u0144 pozwala lepiej rozumie\u0107 siebie, swoje zachowanie, prze\u017cycia, relacje z innymi lud\u017ami, wybory, to prowadzi do zmiany \u2013 bardziej dojrza\u0142ego funkcjonowania.<\/p>\n<p>Warunki, na jakich prowadzona jest psychoterapia, ustalane s\u0105 indywidualnie, w rozmowie z psychoterapeut\u0105 podczas spotka\u0144 konsultacyjnych.<br \/>Spotkania psychoterapeutyczne odbywaj\u0105 si\u0119 w sta\u0142ych terminach, raz lub dwa razy w tygodniu w zale\u017cno\u015bci od potrzeb i mo\u017cliwo\u015bci, prowadzone s\u0105 przez tego samego psychoterapeut\u0119. Sesje psychoterapeutyczne trwaj\u0105 50 minut. D\u0142ugo\u015b\u0107 trwania psychoterapii zale\u017cy od rodzaju trudno\u015bci, jakie wymagaj\u0105 przepracowania, a jej zako\u0144czenie jest wsp\u00f3lnie ustalane przez pacjenta i psychoterapeut\u0119.<\/p>\n<p>Dla kogo przeznaczona jest terapia:<br \/>\u2022 dla os\u00f3b, kt\u00f3re do\u015bwiadczaj\u0105 l\u0119ku, niezadowolenia z w\u0142asnego \u017cycia, smutku,<br \/>\u2022 maj\u0105 poczucie niespe\u0142nienia, niskiej warto\u015bci,<br \/>\u2022 cierpi\u0105 na nerwice, depresje,<br \/>\u2022 choruj\u0105 na zaburzenia od\u017cywiania (anoreksja, bulimia, oty\u0142o\u015b\u0107)<br \/>\u2022 znajduj\u0105 si\u0119 w bolesnych kryzysowych sytuacjach \u017cyciowych,<br \/>\u2022 maj\u0105 trudno\u015bci w nawi\u0105zywaniu i utrzymywaniu satysfakcjonuj\u0105cych relacji z lud\u017ami,<br \/>\u2022 prze\u017cywaj\u0105 trudno\u015bci w zwi\u0105zku ma\u0142\u017ce\u0144skim, partnerskim, w rodzinie,<br \/>\u2022 dla kobiet w okresie ci\u0105\u017cy i wczesnego macierzy\u0144stwa borykaj\u0105cych si\u0119 z trudno\u015bciami emocjonalnymi.<\/p>\n<p>Rozpocz\u0119cie psychoterapii poprzedzone jest wst\u0119pn\u0105 konsultacj\u0105 (50-minutowe spotkanie) z psychoterapeut\u0105. S\u0142u\u017cy zorientowaniu si\u0119 w problemach i sytuacji zg\u0142aszaj\u0105cej si\u0119 osoby, pozwala zaproponowa\u0107 odpowiedni\u0105 form\u0119 pomocy.<\/p>\n<p>Adres \u2013\u00a0Cieszkowskiego 1\/3, Warszawa, Dzielnica \u017boliborz<br \/>Koszt: 120z\u0142\/ spotkanie trwaj\u0105ce 50 min.<\/p>\n<p>Zapisy i pytania:<br \/>Monika Ciechomska (psycholog, psychoterapeuta)- 609 858 868<br \/>Magdalena Kocon-R\u00f3\u017cycka (psycholog, psychoterapeuta)- 501 015 894<\/p>\n<p>wi\u0119cej na stronie: pomoc.psychoterapeutyczna.pl<\/p>\n\n\n<p><\/p>\n","protected":false},"excerpt":{"rendered":"<p>Na psychoterapi\u0119 mo\u017ce przyj\u015b\u0107 ka\u017cdy, kto odczuwa tak\u0105 potrzeb\u0119. To forma pomocy psychologicznej polegaj\u0105ca na regularnych spotkaniach z psychoterapeut\u0105. Narz\u0119dziem psychoterapii jest rozmowa. Psycholog u\u0142atwi nam przyjrzenie si\u0119 trudno\u015bciom, kt\u00f3rych do\u015bwiadczamy. Szersze i g\u0142\u0119bsze poznanie obecnych i przesz\u0142ych do\u015bwiadcze\u0144 pozwala lepiej rozumie\u0107 siebie, swoje zachowanie, prze\u017cycia, relacje z innymi lud\u017ami, wybory, to prowadzi do zmiany &hellip; <a href=\"http:\/\/klubmamotato.pl\/?page_id=79\" class=\"more-link\">Czytaj dalej <span class=\"screen-reader-text\">Psychoterapia os\u00f3b doros\u0142ych.<\/span> <span class=\"meta-nav\">&rarr;<\/span><\/a><\/p>\n","protected":false},"author":1,"featured_media":0,"parent":19,"menu_order":0,"comment_status":"closed","ping_status":"closed","template":"","meta":{"spay_email":""},"jetpack_sharing_enabled":true,"jetpack_shortlink":"https:\/\/wp.me\/P5O9IE-1h","_links":{"self":[{"href":"http:\/\/klubmamotato.pl\/index.php?rest_route=\/wp\/v2\/pages\/79"}],"collection":[{"href":"http:\/\/klubmamotato.pl\/index.php?rest_route=\/wp\/v2\/pages"}],"about":[{"href":"http:\/\/klubmamotato.pl\/index.php?rest_route=\/wp\/v2\/types\/page"}],"author":[{"embeddable":true,"href":"http:\/\/klubmamotato.pl\/index.php?rest_route=\/wp\/v2\/users\/1"}],"replies":[{"embeddable":true,"href":"http:\/\/klubmamotato.pl\/index.php?rest_route=%2Fwp%2Fv2%2Fcomments&post=79"}],"version-history":[{"count":12,"href":"http:\/\/klubmamotato.pl\/index.php?rest_route=\/wp\/v2\/pages\/79\/revisions"}],"predecessor-version":[{"id":356,"href":"http:\/\/klubmamotato.pl\/index.php?rest_route=\/wp\/v2\/pages\/79\/revisions\/356"}],"up":[{"embeddable":true,"href":"http:\/\/klubmamotato.pl\/index.php?rest_route=\/wp\/v2\/pages\/19"}],"wp:attachment":[{"href":"http:\/\/klubmamotato.pl\/index.php?rest_route=%2Fwp%2Fv2%2Fmedia&parent=79"}],"curies":[{"name":"wp","href":"https:\/\/api.w.org\/{rel}","templated":true}]}}